{"id":7519,"date":"2017-02-09T14:04:48","date_gmt":"2017-02-09T11:04:48","guid":{"rendered":"https:\/\/www.evatercume.com\/%d1%81%d0%b2%d1%8f%d0%b6%d0%b8%d1%82%d0%b5%d1%81%d1%8c-%d1%81\/"},"modified":"2025-02-02T21:30:24","modified_gmt":"2025-02-02T18:30:24","slug":"%d0%ba%d0%be%d0%bd%d1%82%d0%b0%d0%ba%d1%82%d1%8b","status":"publish","type":"page","link":"https:\/\/www.evatercume.com\/ru\/%d0%ba%d0%be%d0%bd%d1%82%d0%b0%d0%ba%d1%82%d1%8b\/","title":{"rendered":"\u041a\u041e\u041d\u0422\u0410\u041a\u0422\u042b"},"content":{"rendered":"<div class=\"wpb-content-wrapper\"><p>[vc_row css=&#8221;.vc_custom_1485423383193{margin-bottom: 20px !important;}&#8221;][vc_column css=&#8221;.vc_custom_1485424286916{margin-bottom: 30px !important;}&#8221; offset=&#8221;vc_col-lg-4&#8243;][vc_custom_heading text=&#8221;\u0421\u0432\u044f\u0436\u0438\u0442\u0435\u0441\u044c \u0441&#8221; use_theme_fonts=&#8221;yes&#8221; css=&#8221;&#8221;][vc_column_text css=&#8221;.vc_custom_1738521029768{margin-bottom: 28px !important;border-bottom-width: 3px !important;padding-bottom: 32px !important;border-bottom-style: solid !important;border-color: #002e5b !important;}&#8221; el_class=&#8221;border_base_color&#8221;]\u0414\u043b\u044f \u0442\u043e\u0433\u043e, \u0447\u0442\u043e\u0431\u044b \u0441\u0432\u044f\u0437\u0430\u0442\u044c\u0441\u044f \u0441 \u043d\u0430\u043c\u0438, \u0432\u043e\u0441\u043f\u043e\u043b\u044c\u0437\u0443\u0439\u0442\u0435\u0441\u044c \u043d\u0438\u0436\u0435\u043f\u0440\u0438\u0432\u0435\u0434\u0435\u043d\u043d\u043e\u0439 \u043a\u043e\u043d\u0442\u0430\u043a\u0442\u043d\u043e\u0439 \u0444\u043e\u0440\u043c\u043e\u0439, \u043d\u043e\u043c\u0435\u0440\u043e\u043c \u0442\u0435\u043b\u0435\u0444\u043e\u043d\u0430 \u0438\u043b\u0438 \u0430\u0434\u0440\u0435\u0441\u043e\u043c \u044d\u043b\u0435\u043a\u0442\u0440\u043e\u043d\u043d\u043e\u0439 \u043f\u043e\u0447\u0442\u044b.<\/p>\n<div>\u041c\u044b \u043e\u0442\u0432\u0435\u0442\u0438\u043c \u0432\u0430\u043c \u0432 \u0442\u0435\u0447\u0435\u043d\u0438\u0438 \u043d\u0430\u0438\u043a\u0440\u043e\u0442\u0447\u0430\u0439\u0448\u0435\u0433\u043e \u0432\u0440\u0435\u043c\u0435\u043d\u0438.<\/div>\n<p>[\/vc_column_text][stm_contacts_widget style=&#8221;style_4&#8243; email=&#8221;info@evatercume.com&#8221; title=&#8221;\u041a\u041e\u041d\u0422\u0410\u041a\u0422\u042b&#8221; address=&#8221;Kozyata\u011f\u0131 Mah., G\u00fclbahar Sok. No. 13 \/3, Ar Plaza C blok Kat 4, Ofis 7, Kad\u0131k\u00f6y&#8221; phone=&#8221;0532 300 83 93&#8243;][\/vc_column][vc_column css=&#8221;.vc_custom_1485424295749{margin-bottom: 30px !important;}&#8221; offset=&#8221;vc_col-lg-8&#8243;][vc_column_text css=&#8221;&#8221;]<div class=\"forminator-ui forminator-custom-form forminator-custom-form-7731 forminator-design--material  forminator_ajax\" data-forminator-render=\"0\" data-form=\"forminator-module-7731\" data-uid=\"69ed0e490d66e\"><br\/><\/div><form\n\t\t\t\tid=\"forminator-module-7731\"\n\t\t\t\tclass=\"forminator-ui forminator-custom-form forminator-custom-form-7731 forminator-design--material  forminator_ajax\"\n\t\t\t\tmethod=\"post\"\n\t\t\t\tdata-forminator-render=\"0\"\n\t\t\t\tdata-form-id=\"7731\"\n\t\t\t\t\n\t\t\t\tdata-design=\"material\"\n\t\t\t\t\n\t\t\t\t\n\t\t\t\t\n\t\t\t\tdata-grid=\"open\"\n\t\t\t\t\n\t\t\t\t\n\t\t\t\tstyle=\"display: none;\"\n\t\t\t\t\n\t\t\t\tdata-uid=\"69ed0e490d66e\"\n\t\t\t><div role=\"alert\" aria-live=\"polite\" class=\"forminator-response-message forminator-error\" aria-hidden=\"true\"><\/div><div class=\"forminator-row\"><div id=\"text-1\" class=\"forminator-field-text forminator-col forminator-col-12 \"><div class=\"forminator-field\"><label for=\"forminator-field-text-1_69ed0e490d66e\" id=\"forminator-field-text-1_69ed0e490d66e-label\" class=\"forminator-label\">\u0418\u043c\u044f \u0438 \u0444\u0430\u043c\u0438\u043b\u0438\u044f <span class=\"forminator-required\">*<\/span><\/label><input type=\"text\" name=\"text-1\" value=\"\" placeholder=\"\" id=\"forminator-field-text-1_69ed0e490d66e\" class=\"forminator-input forminator-name--field\" data-required=\"1\" \/><\/div><\/div><\/div><div class=\"forminator-row\"><div id=\"phone-1\" class=\"forminator-field-phone forminator-col forminator-col-6 \"><div class=\"forminator-field\"><label for=\"forminator-field-phone-1_69ed0e490d66e\" id=\"forminator-field-phone-1_69ed0e490d66e-label\" class=\"forminator-label\">\u0422\u0435\u043b\u0435\u0444\u043e\u043d<\/label><input type=\"text\" name=\"phone-1\" value=\"\" placeholder=\"\" id=\"forminator-field-phone-1_69ed0e490d66e\" class=\"forminator-input forminator-field--phone\" data-required=\"\" aria-required=\"false\" autocomplete=\"off\" data-national_mode=\"disabled\" data-country=\"tr\" data-validation=\"international\" \/><\/div><\/div><div id=\"email-1\" class=\"forminator-field-email forminator-col forminator-col-6 \"><div class=\"forminator-field\"><label for=\"forminator-field-email-1_69ed0e490d66e\" id=\"forminator-field-email-1_69ed0e490d66e-label\" class=\"forminator-label\">\u0410\u0434\u0440\u0435\u0441 \u044d\u043b.\u043f\u043e\u0447\u0442\u044b <span class=\"forminator-required\">*<\/span><\/label><input type=\"email\" name=\"email-1\" value=\"\" placeholder=\"\" id=\"forminator-field-email-1_69ed0e490d66e\" class=\"forminator-input forminator-email--field\" data-required=\"1\" aria-required=\"true\" \/><\/div><\/div><\/div><div class=\"forminator-row\"><div id=\"text-2\" class=\"forminator-field-text forminator-col forminator-col-12 \"><div class=\"forminator-field\"><label for=\"forminator-field-text-2_69ed0e490d66e\" id=\"forminator-field-text-2_69ed0e490d66e-label\" class=\"forminator-label\">\u0422\u0435\u043c\u0430 <span class=\"forminator-required\">*<\/span><\/label><input type=\"text\" name=\"text-2\" value=\"\" placeholder=\"\" id=\"forminator-field-text-2_69ed0e490d66e\" class=\"forminator-input forminator-name--field\" data-required=\"1\" \/><\/div><\/div><\/div><div class=\"forminator-row\"><div id=\"textarea-1\" class=\"forminator-field-textarea forminator-col forminator-col-12 \"><div class=\"forminator-field\"><label for=\"forminator-field-textarea-1_69ed0e490d66e\" id=\"forminator-field-textarea-1_69ed0e490d66e-label\" class=\"forminator-label\">\u0421\u043e\u043e\u0431\u0449\u0435\u043d\u0438\u0435<\/label><textarea name=\"textarea-1\" placeholder=\"\" id=\"forminator-field-textarea-1_69ed0e490d66e\" class=\"forminator-textarea\" rows=\"6\" style=\"min-height:140px;\" ><\/textarea><\/div><\/div><\/div><input type=\"hidden\" name=\"referer_url\" value=\"\" \/><div class=\"forminator-row forminator-row-last\"><div class=\"forminator-col\"><div class=\"forminator-field\"><button class=\"forminator-button forminator-button-submit\"><span>\u041e\u0442\u043f\u0440\u0430\u0432\u0438\u0442\u044c<\/span><span aria-hidden=\"true\"><\/span><\/button><\/div><\/div><\/div><input type=\"hidden\" id=\"forminator_nonce\" name=\"forminator_nonce\" value=\"610d1a264f\" \/><input type=\"hidden\" name=\"_wp_http_referer\" value=\"\/ru\/wp-json\/wp\/v2\/pages\/7519\" \/><input type=\"hidden\" name=\"form_id\" value=\"7731\"><input type=\"hidden\" name=\"page_id\" value=\"7519\"><input type=\"hidden\" name=\"form_type\" value=\"default\"><input type=\"hidden\" name=\"current_url\" value=\"https:\/\/www.evatercume.com\/ru\/%d0%ba%d0%be%d0%bd%d1%82%d0%b0%d0%ba%d1%82%d1%8b\/\"><input type=\"hidden\" name=\"render_id\" value=\"0\"><input type=\"hidden\" name=\"action\" value=\"forminator_submit_form_custom-forms\"><\/form>[\/vc_column_text][\/vc_column][\/vc_row][vc_row full_width=&#8221;stretch_row_content_no_spaces&#8221; disable_element=&#8221;yes&#8221; css=&#8221;.vc_custom_1719409828295{margin-bottom: -60px !important;}&#8221;][vc_column][vc_gmaps link=&#8221;#E-8_JTNDaWZyYW1lJTIwc3JjJTNEJTIyaHR0cHMlM0ElMkYlMkZ3d3cuZ29vZ2xlLmNvbSUyRm1hcHMlMkZlbWJlZCUzRnBiJTNEJTIxMW0xOCUyMTFtMTIlMjExbTMlMjExZDczNC40MTYwMTU5MDU3NTg3JTIxMmQyOS4xMzU1NDM5MTY4NjIyMyUyMTNkNDAuOTM2NDI0MzY1NjUwNTIlMjEybTMlMjExZjAlMjEyZjAlMjEzZjAlMjEzbTIlMjExaTEwMjQlMjEyaTc2OCUyMTRmMTMuMSUyMTNtMyUyMTFtMiUyMTFzMHgxNGNhYzY5ZTdjM2Y1MTY1JTI1M0EweDQ1NDA5NTg4ZjAyMTRlOGMlMjEyelFXeDBZWG5EcDJYRm4yMWxMQ0JhWlhsMGFXNGdSR0ZzeExFZ1UyOXJMaUJPYnpveE1TQkVPalVzSURNME9EUXpJRTFoYkhSbGNHVXZ4TEJ6ZEdGdVluVnMlMjE1ZTAlMjEzbTIlMjExc2VuJTIxMnN0ciUyMTR2MTcxOTMyNzkzNTk0NSUyMTVtMiUyMTFzZW4lMjEyc3RyJTIyJTIwd2lkdGglM0QlMjIxMDAlMjUlMjIlMjBoZWlnaHQlM0QlMjIzODJweCUyMiUyMHN0eWxlJTNEJTIyYm9yZGVyJTNBMCUzQiUyMiUyMGFsbG93ZnVsbHNjcmVlbiUzRCUyMiUyMiUyMGxvYWRpbmclM0QlMjJsYXp5JTIyJTIwcmVmZXJyZXJwb2xpY3klM0QlMjJuby1yZWZlcnJlci13aGVuLWRvd25ncmFkZSUyMiUzRSUzQyUyRmlmcmFtZSUzRQ==&#8221; css=&#8221;&#8221;][\/vc_column][\/vc_row][vc_row][vc_column][vc_column_text][\/vc_column_text][\/vc_column][\/vc_row]<\/p>\n<\/div>","protected":false},"excerpt":{"rendered":"<p>[vc_row css=&#8221;.vc_custom_1485423383193{margin-bottom: 20px !important;}&#8221;][vc_column css=&#8221;.vc_custom_1485424286916{margin-bottom: 30px !important;}&#8221; offset=&#8221;vc_col-lg-4&#8243;][vc_custom_heading text=&#8221;\u0421\u0432\u044f\u0436\u0438\u0442\u0435\u0441\u044c \u0441&#8221; use_theme_fonts=&#8221;yes&#8221; css=&#8221;&#8221;][vc_column_text css=&#8221;.vc_custom_1738521029768{margin-bottom: 28px !important;border-bottom-width: 3px !important;padding-bottom: 32px !important;border-bottom-style: solid !important;border-color: #002e5b !important;}&#8221; el_class=&#8221;border_base_color&#8221;]\u0414\u043b\u044f \u0442\u043e\u0433\u043e, \u0447\u0442\u043e\u0431\u044b \u0441\u0432\u044f\u0437\u0430\u0442\u044c\u0441\u044f \u0441 \u043d\u0430\u043c\u0438, \u0432\u043e\u0441\u043f\u043e\u043b\u044c\u0437\u0443\u0439\u0442\u0435\u0441\u044c \u043d\u0438\u0436\u0435\u043f\u0440\u0438\u0432\u0435\u0434\u0435\u043d\u043d\u043e\u0439 \u043a\u043e\u043d\u0442\u0430\u043a\u0442\u043d\u043e\u0439 \u0444\u043e\u0440\u043c\u043e\u0439, \u043d\u043e\u043c\u0435\u0440\u043e\u043c \u0442\u0435\u043b\u0435\u0444\u043e\u043d\u0430 \u0438\u043b\u0438 \u0430\u0434\u0440\u0435\u0441\u043e\u043c \u044d\u043b\u0435\u043a\u0442\u0440\u043e\u043d\u043d\u043e\u0439 \u043f\u043e\u0447\u0442\u044b. \u041c\u044b \u043e\u0442\u0432\u0435\u0442\u0438\u043c \u0432\u0430\u043c \u0432 \u0442\u0435\u0447\u0435\u043d\u0438\u0438 \u043d\u0430\u0438\u043a\u0440\u043e\u0442\u0447\u0430\u0439\u0448\u0435\u0433\u043e \u0432\u0440\u0435\u043c\u0435\u043d\u0438. [\/vc_column_text][stm_contacts_widget style=&#8221;style_4&#8243; email=&#8221;info@evatercume.com&#8221; title=&#8221;\u041a\u041e\u041d\u0422\u0410\u041a\u0422\u042b&#8221; address=&#8221;Kozyata\u011f\u0131 Mah., G\u00fclbahar Sok. No.<\/p>\n","protected":false},"author":1,"featured_media":0,"parent":0,"menu_order":0,"comment_status":"closed","ping_status":"closed","template":"","meta":{"_joinchat":[],"footnotes":""},"class_list":["post-7519","page","type-page","status-publish","hentry"],"_links":{"self":[{"href":"https:\/\/www.evatercume.com\/ru\/wp-json\/wp\/v2\/pages\/7519","targetHints":{"allow":["GET"]}}],"collection":[{"href":"https:\/\/www.evatercume.com\/ru\/wp-json\/wp\/v2\/pages"}],"about":[{"href":"https:\/\/www.evatercume.com\/ru\/wp-json\/wp\/v2\/types\/page"}],"author":[{"embeddable":true,"href":"https:\/\/www.evatercume.com\/ru\/wp-json\/wp\/v2\/users\/1"}],"replies":[{"embeddable":true,"href":"https:\/\/www.evatercume.com\/ru\/wp-json\/wp\/v2\/comments?post=7519"}],"version-history":[{"count":6,"href":"https:\/\/www.evatercume.com\/ru\/wp-json\/wp\/v2\/pages\/7519\/revisions"}],"predecessor-version":[{"id":7735,"href":"https:\/\/www.evatercume.com\/ru\/wp-json\/wp\/v2\/pages\/7519\/revisions\/7735"}],"wp:attachment":[{"href":"https:\/\/www.evatercume.com\/ru\/wp-json\/wp\/v2\/media?parent=7519"}],"curies":[{"name":"wp","href":"https:\/\/api.w.org\/{rel}","templated":true}]}}